{"id":2617,"date":"2025-04-18T08:45:16","date_gmt":"2025-04-18T06:45:16","guid":{"rendered":"https:\/\/www.ancistrus.at\/ancistrus-catfish-species-information\/"},"modified":"2026-01-09T14:48:45","modified_gmt":"2026-01-09T13:48:45","slug":"ancistrus-catfish-species-information","status":"publish","type":"page","link":"https:\/\/www.ancistrus.at\/en\/","title":{"rendered":"Ancistrus catfish &#8211; Species &amp; Information"},"content":{"rendered":"[et_pb_section fb_built=&#8221;1&#8243; admin_label=&#8221;section&#8221; _builder_version=&#8221;4.27.4&#8243; background_color=&#8221;RGBA(255,255,255,0)&#8221; custom_margin=&#8221;0px||||false|false&#8221; custom_padding=&#8221;0px||0px||true|false&#8221; collapsed=&#8221;on&#8221; global_colors_info=&#8221;{}&#8221;][et_pb_row admin_label=&#8221;row&#8221; _builder_version=&#8221;4.27.4&#8243; background_size=&#8221;initial&#8221; background_position=&#8221;top_left&#8221; background_repeat=&#8221;repeat&#8221; width=&#8221;100%&#8221; global_colors_info=&#8221;{}&#8221;][et_pb_column type=&#8221;4_4&#8243; _builder_version=&#8221;4.16&#8243; custom_padding=&#8221;|||&#8221; global_colors_info=&#8221;{}&#8221; custom_padding__hover=&#8221;|||&#8221;][et_pb_heading title=&#8221;Bristlenose Catfishes: The Plecos of the Genus Ancistrus&#8221; _builder_version=&#8221;4.27.4&#8243; _module_preset=&#8221;default&#8221; title_font_size_tablet=&#8221;&#8221; title_font_size_phone=&#8221;30px&#8221; title_font_size_last_edited=&#8221;on|phone&#8221; global_colors_info=&#8221;{}&#8221;][\/et_pb_heading][et_pb_text admin_label=&#8221;Text&#8221; _builder_version=&#8221;4.27.4&#8243; background_size=&#8221;initial&#8221; background_position=&#8221;top_left&#8221; background_repeat=&#8221;repeat&#8221; global_colors_info=&#8221;{}&#8221;]<p>On <a href=\"https:\/\/www.ancistrus.at\/en\/\"><strong>Ancistrus.at<\/strong><\/a>, the focus is on the armored catfish genus <em>Ancistrus<\/em>. This site gathers expert knowledge about Ancistrus catfish \u2013 from the systematics of the genus to well-known and rare species, and their habitats in South America.<\/p>\n<p>The focus is on providing as complete a <a href=\"https:\/\/www.ancistrus.at\/en\/ancistrus-species-list\/\"><strong>list as possible of species in the <em>Ancistrus <\/em>genus<\/strong><\/a>, with numerous photos and <strong>concise profiles<\/strong> (such as <em><a href=\"https:\/\/www.ancistrus.at\/en\/ancistrus\/ancistrus-claro-lda008-knaack-1999\/\">Ancistrus claro<\/a><\/em>, the spectacular <a href=\"https:\/\/www.ancistrus.at\/en\/ancistrus\/ancistrus-sp-l519\/\"><em>Ancistrus <\/em>sp. (L 519) <\/a> from Bolivia or the well-known blue Ancistrus, <em><a href=\"https:\/\/www.ancistrus.at\/en\/ancistrus\/ancistrus-dolichopterus-l183-kner-1854\/\">Ancistrus dolichopterus<\/a><\/em>) to selected species. This can even be filtered by <a href=\"https:\/\/www.ancistrus.at\/en\/ancistrus-species-list\/?dfg_active_filter=l-nummer\">L-numbers<\/a>, <a href=\"https:\/\/www.ancistrus.at\/en\/ancistrus-species-list\/?dfg_active_filter=beschriebene-art\">described species<\/a>, and <a href=\"https:\/\/www.ancistrus.at\/en\/ancistrus-species-list\/?dfg_active_filter=unbeschriebene-art\">undescribed species<\/a>. This is complemented by current background information, references to new L-numbers, and insights into aquaristic practice.<\/p>\n<p>The goal of <a href=\"https:\/\/www.ancistrus.at\/en\/\"><strong>Ancistrus.at<\/strong><\/a> is to present the diversity of Bristlenose Catfish (Ancistrus) in an understandable way and to offer aquarists a reliable source of information on <a href=\"https:\/\/www.ancistrus.at\/en\/bristlenose-catfishes-ancistrus-in-the-aquarium-keeping-care-and-breeding\/\"><strong>species, L-numbers, keeping, care and breeding<\/strong><\/a> \u2013 from the well-known &#8220;Common Bristlenose Catfish&#8221; to rare specialties.<\/p>\n<p><\/p>[\/et_pb_text][\/et_pb_column][\/et_pb_row][et_pb_row column_structure=&#8221;3_5,2_5&#8243; _builder_version=&#8221;4.27.4&#8243; _module_preset=&#8221;default&#8221; width=&#8221;100%&#8221; global_colors_info=&#8221;{}&#8221;][et_pb_column type=&#8221;3_5&#8243; _builder_version=&#8221;4.27.4&#8243; _module_preset=&#8221;default&#8221; global_colors_info=&#8221;{}&#8221;][et_pb_image src=&#8221;https:\/\/www.ancistrus.at\/wp-content\/uploads\/2025\/04\/Cover_AncistrusBuch-1024&#215;1024.jpg&#8221; alt=&#8221;Bristlenose Catfish Book \u2013 The armored catfish of the genus Ancistrus&#8221; title_text=&#8221;Bristlenose Catfishes: The Plecos of the Genus Ancistrus&#8221; url=&#8221;https:\/\/www.ancistrus.at\/en\/bristlenose-catfishes-the-plecos-of-the-genus-ancistrus\/&#8221; _builder_version=&#8221;4.27.4&#8243; _module_preset=&#8221;default&#8221; global_colors_info=&#8221;{}&#8221;][\/et_pb_image][et_pb_text _builder_version=&#8221;4.27.4&#8243; _module_preset=&#8221;default&#8221; global_colors_info=&#8221;{}&#8221;]<h2>The reference work on bristlenose catfish<\/h2>\n<p>\nOver 600 pages, numerous photos, all described and many undescribed forms of the genus <em>Ancistrus<\/em> \u2013 in German and English. Perfect for beginners and specialists. \n<\/p>[\/et_pb_text][et_pb_button button_url=&#8221;https:\/\/www.ancistrus.at\/en\/bristlenose-catfishes-the-plecos-of-the-genus-ancistrus\/&#8221; button_text=&#8221;More about the Ancistrus book&#8221; button_alignment=&#8221;center&#8221; _builder_version=&#8221;4.27.4&#8243; _module_preset=&#8221;default&#8221; global_colors_info=&#8221;{}&#8221;][\/et_pb_button][\/et_pb_column][et_pb_column type=&#8221;2_5&#8243; _builder_version=&#8221;4.27.4&#8243; _module_preset=&#8221;default&#8221; background_color=&#8221;#999999&#8243; custom_padding=&#8221;2vh|1vw|2vh|1vw|true|true&#8221; global_colors_info=&#8221;{}&#8221;][et_pb_blurb title=&#8221;News from the Ancistrus blog&#8221; _builder_version=&#8221;4.27.4&#8243; _module_preset=&#8221;default&#8221; header_level=&#8221;h2&#8243; header_text_align=&#8221;center&#8221; body_text_align=&#8221;center&#8221; custom_margin=&#8221;1vh|1vw|0.5vh|1vw|false|true&#8221; custom_padding=&#8221;||||false|false&#8221; global_colors_info=&#8221;{}&#8221;][\/et_pb_blurb][et_pb_dp_oc show_post_title=&#8221;on&#8221; show_author=&#8221;on&#8221; author_prefix_text=&#8221;by&#8221; show_post_date=&#8221;on&#8221; show_post_excerpt=&#8221;on&#8221; show_more=&#8221;on&#8221; rmbnt_txt=&#8221;Read more&#8221; lazy_load=&#8221;on&#8221; arrow_color=&#8221;#E7E7E7&#8243; thumbnail_size=&#8221;quader300&#8243; number_thumb=&#8221;1&#8243; number_thumb_tablet=&#8221;1&#8243; number_thumb_last_edited=&#8221;off|phone&#8221; _builder_version=&#8221;4.27.4&#8243; _module_preset=&#8221;default&#8221; post_title_text_color=&#8221;#FFFFFF&#8221; post_title_font_size=&#8221;26px&#8221; post_title_line_height=&#8221;1.2em&#8221; post_meta_text_color=&#8221;#0a0807&#8243; post_meta_font_size=&#8221;16px&#8221; post_excerpt_text_color=&#8221;#E7E7E7&#8243; post_excerpt_font_size=&#8221;18px&#8221; background_color=&#8221;RGBA(255,255,255,0)&#8221; read_more_button_icon_color=&#8221;#FFFFFF&#8221; read_more_button_alignment=&#8221;right&#8221; custom_margin=&#8221;|30px||30px|false|true&#8221; custom_padding=&#8221;||||false|false&#8221; global_colors_info=&#8221;{}&#8221; read_more_button_icon_color__hover_enabled=&#8221;on|hover&#8221; read_more_button_icon_color__hover=&#8221;#FFFFFF&#8221;][\/et_pb_dp_oc][\/et_pb_column][\/et_pb_row][et_pb_row _builder_version=&#8221;4.27.4&#8243; _module_preset=&#8221;default&#8221; width=&#8221;100%&#8221; global_colors_info=&#8221;{}&#8221;][et_pb_column type=&#8221;4_4&#8243; _builder_version=&#8221;4.27.4&#8243; _module_preset=&#8221;default&#8221; global_colors_info=&#8221;{}&#8221;][et_pb_text _builder_version=&#8221;4.27.4&#8243; _module_preset=&#8221;default&#8221; global_colors_info=&#8221;{}&#8221;]<h2>What does Ancistrus.at offer?<\/h2>\n<h4><strong>Comprehensive species list<\/strong><\/h4>\n<p>Die <a href=\"https:\/\/www.ancistrus.at\/en\/ancistrus-species-list\/\"> <strong>Artenliste <em>Ancistrus<\/em><\/strong> <\/a> umfasst <a href=\"https:\/\/www.ancistrus.at\/en\/ancistrus-species-list\/?dfg_active_filter=beschriebene-art\">beschriebenen Arten<\/a>, <a href=\"https:\/\/www.ancistrus.at\/en\/ancistrus-species-list\/?dfg_active_filter=unbeschriebene-art\">unbeschriebenen Formen<\/a> und bekannte <a href=\"https:\/\/www.ancistrus.at\/en\/ancistrus-species-list\/?dfg_active_filter=l-nummer\">L-Nummern<\/a>. Sie bietet einen schnellen \u00dcberblick \u00fcber die Vielfalt der Gattung und verlinkt direkt auf ausf\u00fchrliche Artenseiten mit Fotos und Basisdaten zur Haltung im Aquarium.<\/p>\n\n<h4><strong>Brief profiles with practical information<\/strong><\/h4>\n<p>Viele Eintr\u00e4ge sind mit <a href=\"https:\/\/www.ancistrus.at\/en\/ancistrus\/ancistrus-sp-aquarium-strain\/\"> <strong>Steckbriefen zu Antennenwelsen<\/strong> <\/a> hinterlegt \u2013 inklusive Angaben zu Gr\u00f6\u00dfe, Aquariengr\u00f6\u00dfe, Wasserwerten, Str\u00f6mung, Verf\u00fcgbarkeit und typischen Handelsbezeichnungen. So lassen sich Tiere aus dem Handel besser einordnen und mit der passenden Literatur verkn\u00fcpfen.<\/p>\n\n<h4><strong>Current developments and new L numbers<\/strong><\/h4>\n<p>Im <a href=\"https:\/\/www.ancistrus.at\/en\/ancistrus-blog\/\"> <strong><em>Ancistrus<\/em> Blog<\/strong> <\/a> werden Neuigkeiten zur Gattung gesammelt \u2013 etwa neue Beschreibungen, frisch eingef\u00fchrte L-Nummern oder Besonderheiten aus Fachartikeln. So bleibt die Seite auch nach Erscheinen des Buches eine lebendige Wissensquelle rund um Antennenwelse.<\/p>[\/et_pb_text][\/et_pb_column][\/et_pb_row][et_pb_row _builder_version=&#8221;4.27.4&#8243; _module_preset=&#8221;default&#8221; width=&#8221;100%&#8221; global_colors_info=&#8221;{}&#8221;][et_pb_column type=&#8221;4_4&#8243; _builder_version=&#8221;4.27.4&#8243; _module_preset=&#8221;default&#8221; global_colors_info=&#8221;{}&#8221;][et_pb_text _builder_version=&#8221;4.27.4&#8243; _module_preset=&#8221;default&#8221; global_colors_info=&#8221;{}&#8221;]<h2><em>Ancistrus <\/em>in the aquarium \u2013 overview of keeping, care, and L numbers<\/h2>\n<p>Bristlenose catfish of the genus <em>Ancistrus <\/em>are among the most commonly kept armored catfish in freshwater aquariums. The &#8220;common antenna catfish&#8221; and its breeding forms are well known from many community tanks, but there are also numerous other species and L-numbers that are more likely to be kept by specialized enthusiasts. <span class=\"\" data-state=\"closed\"><span class=\"ms-1 inline-flex max-w-full items-center relative top-[-0.094rem] animate-[show_150ms_ease-in]\" data-testid=\"webpage-citation-pill\"><a href=\"https:\/\/www.ancistrus.at\/en\/ancistrus\/ancistrus-sp-aquarium-strain\/\" target=\"_blank\" rel=\"noopener\" alt=\"https:\/\/www.ancistrus.at\/ancistrus\/ancistrus-sp-aquarienstamm\" class=\"flex h-4.5 overflow-hidden rounded-xl px-2 text-[9px] font-medium transition-colors duration-150 ease-in-out text-token-text-secondary! bg-[#F4F4F4]! dark:bg-[#303030]!\"><span class=\"relative start-0 bottom-0 flex h-full w-full items-center\"><span class=\"flex h-4 w-full items-center justify-between\"><span class=\"-me-1 flex h-full items-center rounded-full px-1 text-[#8F8F8F]\"><\/span><\/span><\/span><\/a><\/span><\/span><\/p>\n<p>Many <em>Ancistrus <\/em>are robust and relatively peaceful fish that thrive and reproduce well in aquariums with suitable water values, sufficient hiding places, and targeted feeding. The key factors are a well-designed structure with roots and caves, stable filtration, and a varied diet that combines plant components with suitable protein sources. <\/p>\n<p>Wer sich n\u00e4her mit der <a href=\"https:\/\/www.ancistrus.at\/en\/bristlenose-catfishes-ancistrus-in-the-aquarium-keeping-care-and-breeding\/\"> <strong>Haltung, Pflege und Zucht von Antennenwelsen<\/strong> <\/a> sowie mit der richtigen Zuordnung von Arten und L-Nummern besch\u00e4ftigen m\u00f6chte, findet auf <a href=\"https:\/\/www.ancistrus.at\/en\/\">Ancistrus.at<\/a> sowohl eine strukturierte <a href=\"https:\/\/www.ancistrus.at\/en\/ancistrus-species-list\/\"><strong>Artenliste<\/strong> <\/a>als auch viele weiterf\u00fchrende Hinweise zum Standardwerk <strong>\u201e<a href=\"https:\/\/www.ats-aquashop.de\/Bristlenose-Catfishes-The-Plecos-of-the-Genus-Ancistrus\" target=\"_blank\" rel=\"noopener\">Antennenwelse: Die Harnischwelse der Gattung <em>Ancistrus<\/em><\/a>\u201c<\/strong> von Ingo Seidel und Andreas Tanke. Dieses Buch vertieft die hier angerissenen Themen mit ausf\u00fchrlichen Artenportr\u00e4ts, Fotos und Hintergrundinformationen.<\/p>[\/et_pb_text][\/et_pb_column][\/et_pb_row][\/et_pb_section]<!-- \/wp:post-content -->","protected":false},"excerpt":{"rendered":"<p>On Ancistrus.at, the focus is on the armored catfish genus Ancistrus. This site gathers expert knowledge about Ancistrus catfish \u2013 from the systematics of the genus to well-known and rare species, and their habitats in South America. The focus is on providing as complete a list as possible of species in the Ancistrus genus, with [&hellip;]<\/p>\n","protected":false},"author":1,"featured_media":3308,"parent":0,"menu_order":10,"comment_status":"closed","ping_status":"closed","template":"","meta":{"_et_pb_use_builder":"on","_et_pb_old_content":"","_et_gb_content_width":"","footnotes":""},"class_list":["post-2617","page","type-page","status-publish","has-post-thumbnail","hentry"],"_links":{"self":[{"href":"https:\/\/www.ancistrus.at\/en\/wp-json\/wp\/v2\/pages\/2617","targetHints":{"allow":["GET"]}}],"collection":[{"href":"https:\/\/www.ancistrus.at\/en\/wp-json\/wp\/v2\/pages"}],"about":[{"href":"https:\/\/www.ancistrus.at\/en\/wp-json\/wp\/v2\/types\/page"}],"author":[{"embeddable":true,"href":"https:\/\/www.ancistrus.at\/en\/wp-json\/wp\/v2\/users\/1"}],"replies":[{"embeddable":true,"href":"https:\/\/www.ancistrus.at\/en\/wp-json\/wp\/v2\/comments?post=2617"}],"version-history":[{"count":17,"href":"https:\/\/www.ancistrus.at\/en\/wp-json\/wp\/v2\/pages\/2617\/revisions"}],"predecessor-version":[{"id":3312,"href":"https:\/\/www.ancistrus.at\/en\/wp-json\/wp\/v2\/pages\/2617\/revisions\/3312"}],"wp:featuredmedia":[{"embeddable":true,"href":"https:\/\/www.ancistrus.at\/en\/wp-json\/wp\/v2\/media\/3308"}],"wp:attachment":[{"href":"https:\/\/www.ancistrus.at\/en\/wp-json\/wp\/v2\/media?parent=2617"}],"curies":[{"name":"wp","href":"https:\/\/api.w.org\/{rel}","templated":true}]}}